{"id":11,"date":"2018-04-18T17:31:24","date_gmt":"2018-04-18T17:31:24","guid":{"rendered":"http:\/\/www.der-probsteier-baecker.de\/?page_id=11"},"modified":"2022-12-13T10:21:08","modified_gmt":"2022-12-13T08:21:08","slug":"filialen","status":"publish","type":"page","link":"http:\/\/www.der-probsteier-baecker.de\/?page_id=11","title":{"rendered":"Filialen"},"content":{"rendered":"<p>\u00a0<\/p>\n<h2>\u00d6ffnungszeiten<\/h2>\n<table style=\"height: 770px;\" border=\"0\" width=\"643\">\n<tbody>\n<tr>\n<td valign=\"top\">\u00a0<a href=\"http:\/\/www.der-probsteier-baecker.de\/wp-content\/uploads\/2018\/05\/Hauptladen.jpg\"><img decoding=\"async\" loading=\"lazy\" class=\"alignleft wp-image-40 size-thumbnail\" src=\"http:\/\/www.der-probsteier-baecker.de\/wp-content\/uploads\/2018\/05\/Hauptladen-150x150.jpg\" alt=\"Strandstra\u00dfe\" width=\"150\" height=\"150\" srcset=\"http:\/\/www.der-probsteier-baecker.de\/wp-content\/uploads\/2018\/05\/Hauptladen-150x150.jpg 150w, http:\/\/www.der-probsteier-baecker.de\/wp-content\/uploads\/2018\/05\/Hauptladen-100x100.jpg 100w\" sizes=\"(max-width: 150px) 100vw, 150px\" \/><\/a><\/td>\n<td style=\"text-align: left;\" valign=\"top\"><strong>Unsere Backstube<\/strong>\n<p>\u00a0<\/p>\n<p>Strandstra\u00dfe 2<br \/>24217 Sch\u00f6nberg<br \/>Backstube: 04344-1270<br \/>Laden: 04344-414789<\/p>\n<\/td>\n<td valign=\"top\"><strong>\u00d6ffnungszeiten<\/strong>\n<p>\u00a0<\/p>\n<p><a href=\"https:\/\/www.google.de\/maps\/place\/Der+Probsteier+B%C3%A4cker\/@54.3948029,10.3744548,15z\/data=!4m5!3m4!1s0x0:0x44918bd690109830!8m2!3d54.3948059!4d10.3744258\">Google Maps<\/a><\/p>\n<\/td>\n<\/tr>\n<tr>\n<td valign=\"top\">\u00a0<a href=\"http:\/\/www.der-probsteier-baecker.de\/wp-content\/uploads\/2018\/05\/Mittelladen.jpg\"><img decoding=\"async\" loading=\"lazy\" class=\"alignnone wp-image-42 size-thumbnail\" src=\"http:\/\/www.der-probsteier-baecker.de\/wp-content\/uploads\/2018\/05\/Mittelladen-150x150.jpg\" alt=\"Bahnhofstra\u00dfe\" width=\"150\" height=\"150\" srcset=\"http:\/\/www.der-probsteier-baecker.de\/wp-content\/uploads\/2018\/05\/Mittelladen-150x150.jpg 150w, http:\/\/www.der-probsteier-baecker.de\/wp-content\/uploads\/2018\/05\/Mittelladen-100x100.jpg 100w\" sizes=\"(max-width: 150px) 100vw, 150px\" \/><\/a><\/td>\n<td valign=\"top\"><strong>Mitten in Sch\u00f6nberg<\/strong>\n<p>\u00a0<\/p>\n<p>Bahnhofstra\u00dfe 21<br \/>24217 Sch\u00f6nberg<br \/>04344-819876<\/p>\n<\/td>\n<td valign=\"top\"><strong>\u00d6ffnungszeiten<\/strong>\n<p>\u00a0<\/p>\n<p><a href=\"https:\/\/www.google.de\/maps\/place\/Der+Probsteier+B%C3%A4cker\/@54.3899405,10.3738559,15z\/data=!4m2!3m1!1s0x0:0x60cb9f64fb554b8e?sa=X&amp;ved=2ahUKEwjHusDP_YT4AhXoQ_EDHUTQB1gQ_BJ6BAhTEAU\">Google Maps<\/a><\/p>\n<\/td>\n<\/tr>\n<tr>\n<td valign=\"top\"><a href=\"http:\/\/www.der-probsteier-baecker.de\/?page_id=138\"><img decoding=\"async\" loading=\"lazy\" class=\"alignnone wp-image-136 size-thumbnail\" src=\"http:\/\/www.der-probsteier-baecker.de\/wp-content\/uploads\/2018\/08\/Au\u00dfenansicht-150x150.jpg\" alt=\"\" width=\"150\" height=\"150\" srcset=\"http:\/\/www.der-probsteier-baecker.de\/wp-content\/uploads\/2018\/08\/Au\u00dfenansicht-150x150.jpg 150w, http:\/\/www.der-probsteier-baecker.de\/wp-content\/uploads\/2018\/08\/Au\u00dfenansicht-100x100.jpg 100w\" sizes=\"(max-width: 150px) 100vw, 150px\" \/><\/a><\/td>\n<td valign=\"top\"><strong>Im Herzen der Probstei<br \/><\/strong><br \/>Postweg 5<br \/>24217 Wisch<br \/>04344-9316<\/td>\n<td valign=\"top\"><strong>\u00d6ffnungszeiten<\/strong>\n<p>\u00a0<\/p>\n<p><a href=\"https:\/\/www.google.de\/maps\/place\/PROBSTEIER+B%C3%84CKER\/@54.4091,10.3400113,17z\/data=!3m1!4b1!4m12!1m6!3m5!1s0x47b2f6c28ebbd065:0x437b1e4fd480416e!2sPROBSTEIER+B%C3%84CKER!8m2!3d54.4091253!4d10.3421897!3m4!1s0x47b2f6c28ebbd065:0x437b1e4fd480416e!8m2!3d54.4091253!4d10.3421897\">Google Maps<\/a><\/p>\n<\/td>\n<\/tr>\n<tr>\n<td valign=\"top\">\u00a0<a href=\"http:\/\/www.der-probsteier-baecker.de\/wp-content\/uploads\/2018\/05\/SBergerStrand.jpg\"><img decoding=\"async\" loading=\"lazy\" class=\"alignnone wp-image-43 size-thumbnail\" src=\"http:\/\/www.der-probsteier-baecker.de\/wp-content\/uploads\/2018\/05\/SBergerStrand-150x150.jpg\" alt=\"Sch\u00f6nberger Strand\" width=\"150\" height=\"150\" srcset=\"http:\/\/www.der-probsteier-baecker.de\/wp-content\/uploads\/2018\/05\/SBergerStrand-150x150.jpg 150w, http:\/\/www.der-probsteier-baecker.de\/wp-content\/uploads\/2018\/05\/SBergerStrand-100x100.jpg 100w\" sizes=\"(max-width: 150px) 100vw, 150px\" \/><\/a><\/td>\n<td valign=\"top\"><strong>Direkt an der Seebr\u00fccke<\/strong>\n<p>\u00a0<\/p>\n<p>Promenade 27<br \/>24217 Sch\u00f6nberger Strand<br \/>04344-5052<\/p>\n<\/td>\n<td valign=\"top\"><strong>\u00d6ffnungszeiten<\/strong>\n<p>\u00a0<\/p>\n<p><a href=\"https:\/\/www.google.de\/maps\/place\/Der+Probsteier+B%C3%A4cker\/@54.4143043,10.4132894,15z\/data=!4m2!3m1!1s0x0:0x631c4a6474e6a2b0?sa=X&amp;ved=2ahUKEwjT3bP9_YT4AhW4QvEDHf-jBgcQ_BJ6BAhLEAU\">Google Maps<\/a><\/p>\n<\/td>\n<\/tr>\n<tr>\n<td valign=\"top\">\u00a0<a href=\"http:\/\/www.der-probsteier-baecker.de\/wp-content\/uploads\/2018\/05\/Kalifornien.jpg\"><img decoding=\"async\" loading=\"lazy\" class=\"alignleft wp-image-41 size-thumbnail\" src=\"http:\/\/www.der-probsteier-baecker.de\/wp-content\/uploads\/2018\/05\/Kalifornien-150x150.jpg\" alt=\"\" width=\"150\" height=\"150\" srcset=\"http:\/\/www.der-probsteier-baecker.de\/wp-content\/uploads\/2018\/05\/Kalifornien-150x150.jpg 150w, http:\/\/www.der-probsteier-baecker.de\/wp-content\/uploads\/2018\/05\/Kalifornien-100x100.jpg 100w\" sizes=\"(max-width: 150px) 100vw, 150px\" \/><\/a><\/td>\n<td valign=\"top\"><strong>Direkt am Deich<\/strong>\n<p>\u00a0<\/p>\n<p>Deichweg 6<br \/>24217 Kalifornien<br \/>04344-6504<\/p>\n<\/td>\n<td valign=\"top\"><strong>\u00d6ffnungszeiten<\/strong>\n<p>\u00a0<\/p>\n<p><a href=\"https:\/\/www.google.de\/maps\/place\/Der+Probsteier+B%C3%A4cker\/@54.4272068,10.3742312,15z\/data=!4m2!3m1!1s0x0:0x789a7def8a20a49d?sa=X&amp;ved=2ahUKEwjB0JuL_oT4AhX9Q_EDHdanAtkQ_BJ6BAhUEAU\">Google Maps<\/a><\/p>\n<\/td>\n<\/tr>\n<\/tbody>\n<\/table>\n\n\n<p><\/p>\n","protected":false},"excerpt":{"rendered":"<p>\u00a0 \u00d6ffnungszeiten \u00a0 Unsere Backstube \u00a0 Strandstra\u00dfe 224217 Sch\u00f6nbergBackstube: 04344-1270Laden: 04344-414789 \u00d6ffnungszeiten \u00a0 Google Maps \u00a0 Mitten in Sch\u00f6nberg \u00a0 Bahnhofstra\u00dfe 2124217 Sch\u00f6nberg04344-819876 \u00d6ffnungszeiten \u00a0 Google Maps Im Herzen der ProbsteiPostweg 524217 Wisch04344-9316 \u00d6ffnungszeiten \u00a0 Google Maps \u00a0 Direkt an der Seebr\u00fccke \u00a0 Promenade 2724217 Sch\u00f6nberger Strand04344-5052 \u00d6ffnungszeiten \u00a0 Google Maps \u00a0 Direkt am Deich &hellip; <\/p>\n<p class=\"link-more\"><a href=\"http:\/\/www.der-probsteier-baecker.de\/?page_id=11\" class=\"more-link\"><span class=\"screen-reader-text\">\u201eFilialen\u201c<\/span> weiterlesen<\/a><\/p>\n","protected":false},"author":1,"featured_media":0,"parent":0,"menu_order":0,"comment_status":"closed","ping_status":"closed","template":"","meta":[],"yoast_head":"<!-- This site is optimized with the Yoast SEO plugin v16.1.1 - https:\/\/yoast.com\/wordpress\/plugins\/seo\/ -->\n<title>Filialen | Der Probsteier B\u00e4cker<\/title>\n<link rel=\"canonical\" href=\"http:\/\/www.der-probsteier-baecker.de\/?page_id=11\" \/>\n<meta property=\"og:locale\" content=\"de_DE\" \/>\n<meta property=\"og:type\" content=\"article\" \/>\n<meta property=\"og:title\" content=\"Filialen | Der Probsteier B\u00e4cker\" \/>\n<meta property=\"og:description\" content=\"\u00a0 \u00d6ffnungszeiten \u00a0 Unsere Backstube \u00a0 Strandstra\u00dfe 224217 Sch\u00f6nbergBackstube: 04344-1270Laden: 04344-414789 \u00d6ffnungszeiten \u00a0 Google Maps \u00a0 Mitten in Sch\u00f6nberg \u00a0 Bahnhofstra\u00dfe 2124217 Sch\u00f6nberg04344-819876 \u00d6ffnungszeiten \u00a0 Google Maps Im Herzen der ProbsteiPostweg 524217 Wisch04344-9316 \u00d6ffnungszeiten \u00a0 Google Maps \u00a0 Direkt an der Seebr\u00fccke \u00a0 Promenade 2724217 Sch\u00f6nberger Strand04344-5052 \u00d6ffnungszeiten \u00a0 Google Maps \u00a0 Direkt am Deich &hellip; \u201eFilialen\u201c weiterlesen\" \/>\n<meta property=\"og:url\" content=\"http:\/\/www.der-probsteier-baecker.de\/?page_id=11\" \/>\n<meta property=\"og:site_name\" content=\"Der Probsteier B\u00e4cker\" \/>\n<meta property=\"article:modified_time\" content=\"2022-12-13T08:21:08+00:00\" \/>\n<meta property=\"og:image\" content=\"http:\/\/www.der-probsteier-baecker.de\/wp-content\/uploads\/2018\/05\/Hauptladen-150x150.jpg\" \/>\n<meta name=\"twitter:card\" content=\"summary_large_image\" \/>\n<meta name=\"twitter:label1\" content=\"Gesch\u00e4tzte Lesezeit\">\n\t<meta name=\"twitter:data1\" content=\"2\u00a0Minuten\">\n<script type=\"application\/ld+json\" class=\"yoast-schema-graph\">{\"@context\":\"https:\/\/schema.org\",\"@graph\":[{\"@type\":\"Organization\",\"@id\":\"http:\/\/www.der-probsteier-baecker.de\/#organization\",\"name\":\"Der Probsteier B\\u00e4cker\",\"url\":\"http:\/\/www.der-probsteier-baecker.de\/\",\"sameAs\":[],\"logo\":{\"@type\":\"ImageObject\",\"@id\":\"http:\/\/www.der-probsteier-baecker.de\/#logo\",\"inLanguage\":\"de\",\"url\":\"http:\/\/www.der-probsteier-baecker.de\/wp-content\/uploads\/2018\/05\/probsteierbaeckerlogotransparency.gif\",\"contentUrl\":\"http:\/\/www.der-probsteier-baecker.de\/wp-content\/uploads\/2018\/05\/probsteierbaeckerlogotransparency.gif\",\"width\":654,\"height\":600,\"caption\":\"Der Probsteier B\\u00e4cker\"},\"image\":{\"@id\":\"http:\/\/www.der-probsteier-baecker.de\/#logo\"}},{\"@type\":\"WebSite\",\"@id\":\"http:\/\/www.der-probsteier-baecker.de\/#website\",\"url\":\"http:\/\/www.der-probsteier-baecker.de\/\",\"name\":\"Der Probsteier B\\u00e4cker\",\"description\":\"Frisch wie der Morgen\",\"publisher\":{\"@id\":\"http:\/\/www.der-probsteier-baecker.de\/#organization\"},\"potentialAction\":[{\"@type\":\"SearchAction\",\"target\":\"http:\/\/www.der-probsteier-baecker.de\/?s={search_term_string}\",\"query-input\":\"required name=search_term_string\"}],\"inLanguage\":\"de\"},{\"@type\":\"ImageObject\",\"@id\":\"http:\/\/www.der-probsteier-baecker.de\/?page_id=11#primaryimage\",\"inLanguage\":\"de\",\"url\":\"http:\/\/www.der-probsteier-baecker.de\/wp-content\/uploads\/2018\/05\/Hauptladen.jpg\",\"contentUrl\":\"http:\/\/www.der-probsteier-baecker.de\/wp-content\/uploads\/2018\/05\/Hauptladen.jpg\",\"width\":800,\"height\":600,\"caption\":\"Strandstra\\u00dfe\"},{\"@type\":\"WebPage\",\"@id\":\"http:\/\/www.der-probsteier-baecker.de\/?page_id=11#webpage\",\"url\":\"http:\/\/www.der-probsteier-baecker.de\/?page_id=11\",\"name\":\"Filialen | Der Probsteier B\\u00e4cker\",\"isPartOf\":{\"@id\":\"http:\/\/www.der-probsteier-baecker.de\/#website\"},\"primaryImageOfPage\":{\"@id\":\"http:\/\/www.der-probsteier-baecker.de\/?page_id=11#primaryimage\"},\"datePublished\":\"2018-04-18T17:31:24+00:00\",\"dateModified\":\"2022-12-13T08:21:08+00:00\",\"breadcrumb\":{\"@id\":\"http:\/\/www.der-probsteier-baecker.de\/?page_id=11#breadcrumb\"},\"inLanguage\":\"de\",\"potentialAction\":[{\"@type\":\"ReadAction\",\"target\":[\"http:\/\/www.der-probsteier-baecker.de\/?page_id=11\"]}]},{\"@type\":\"BreadcrumbList\",\"@id\":\"http:\/\/www.der-probsteier-baecker.de\/?page_id=11#breadcrumb\",\"itemListElement\":[{\"@type\":\"ListItem\",\"position\":1,\"item\":{\"@type\":\"WebPage\",\"@id\":\"http:\/\/www.der-probsteier-baecker.de\/\",\"url\":\"http:\/\/www.der-probsteier-baecker.de\/\",\"name\":\"Startseite\"}},{\"@type\":\"ListItem\",\"position\":2,\"item\":{\"@type\":\"WebPage\",\"@id\":\"http:\/\/www.der-probsteier-baecker.de\/?page_id=11\",\"url\":\"http:\/\/www.der-probsteier-baecker.de\/?page_id=11\",\"name\":\"Filialen\"}}]}]}<\/script>\n<!-- \/ Yoast SEO plugin. -->","_links":{"self":[{"href":"http:\/\/www.der-probsteier-baecker.de\/index.php?rest_route=\/wp\/v2\/pages\/11"}],"collection":[{"href":"http:\/\/www.der-probsteier-baecker.de\/index.php?rest_route=\/wp\/v2\/pages"}],"about":[{"href":"http:\/\/www.der-probsteier-baecker.de\/index.php?rest_route=\/wp\/v2\/types\/page"}],"author":[{"embeddable":true,"href":"http:\/\/www.der-probsteier-baecker.de\/index.php?rest_route=\/wp\/v2\/users\/1"}],"replies":[{"embeddable":true,"href":"http:\/\/www.der-probsteier-baecker.de\/index.php?rest_route=%2Fwp%2Fv2%2Fcomments&post=11"}],"version-history":[{"count":34,"href":"http:\/\/www.der-probsteier-baecker.de\/index.php?rest_route=\/wp\/v2\/pages\/11\/revisions"}],"predecessor-version":[{"id":212,"href":"http:\/\/www.der-probsteier-baecker.de\/index.php?rest_route=\/wp\/v2\/pages\/11\/revisions\/212"}],"wp:attachment":[{"href":"http:\/\/www.der-probsteier-baecker.de\/index.php?rest_route=%2Fwp%2Fv2%2Fmedia&parent=11"}],"curies":[{"name":"wp","href":"https:\/\/api.w.org\/{rel}","templated":true}]}}